{"id":219,"date":"2024-04-12T11:29:15","date_gmt":"2024-04-12T09:29:15","guid":{"rendered":"https:\/\/annamar-gift.com\/?page_id=219"},"modified":"2024-06-05T11:45:31","modified_gmt":"2024-06-05T09:45:31","slug":"regulamin-sklepu","status":"publish","type":"page","link":"https:\/\/annamar-gift.com\/en\/regulamin-sklepu\/","title":{"rendered":"Regulamin sklepu"},"content":{"rendered":"<p><\/p>\n\n\n\n<p><strong>Zakres i warunki<\/strong><br>Niniejszy regulamin okre\u015bla warunki korzystania z naszego sklepu internetowego. Korzystaj\u0105c z naszego sklepu, zgadzasz si\u0119 na przestrzeganie niniejszego regulaminu oraz wszelkich zasad i warunk\u00f3w korzystania z naszych us\u0142ug. Zastrzegamy sobie prawo do zmiany niniejszego regulaminu w dowolnym czasie. Wszelkie zmiany b\u0119d\u0105 publikowane na tej stronie.<\/p>\n\n\n\n<p><strong>Informacje o sprzedawcy<\/strong><br>Nazwa firmy: Annamar-art<br>Adres: Warszawa, Kajetana Garbi\u0144skiego 3\/146<br>NIP: 5273096881<br>REGON: 527656830<br>Telefon: +48 516 600 714<br>E-mail: <a>annamar.studia@gmail.com<\/a><\/p>\n\n\n\n<p><strong>Zam\u00f3wienia<\/strong><br>Aby z\u0142o\u017cy\u0107 zam\u00f3wienie, musisz mie\u0107 co najmniej 18 lat lub posiada\u0107 zgod\u0119 rodzica lub opiekuna. Wszystkie zam\u00f3wienia s\u0105 podleg\u0142e akceptacji i dost\u0119pno\u015bci. Nie mo\u017cemy zagwarantowa\u0107 dost\u0119pno\u015bci wszystkich produkt\u00f3w w naszym sklepie.<\/p>\n\n\n\n<p><strong>Procedura sk\u0142adania zam\u00f3wienia<\/strong><\/p>\n\n\n\n<ol class=\"wp-block-list\">\n<li>Wybierz interesuj\u0105ce Ci\u0119 produkty i dodaj je do koszyka.<\/li>\n\n\n\n<li>Przejd\u017a do realizacji zam\u00f3wienia, klikaj\u0105c przycisk &#8222;Do kasy&#8221;.<\/li>\n\n\n\n<li>Wype\u0142nij niezb\u0119dne dane do wysy\u0142ki oraz wybierz metod\u0119 p\u0142atno\u015bci.<\/li>\n\n\n\n<li>Potwierd\u017a zam\u00f3wienie i dokonaj p\u0142atno\u015bci.<\/li>\n<\/ol>\n\n\n\n<p><strong>P\u0142atno\u015bci<\/strong><br>Akceptujemy r\u00f3\u017cne metody p\u0142atno\u015bci, w tym BLIK, Przelewy24, Apple Pay i Google Pay. Wszystkie p\u0142atno\u015bci musz\u0105 by\u0107 dokonane przed wysy\u0142k\u0105 zam\u00f3wienia.<\/p>\n\n\n\n<p><strong>Dostawa<\/strong><br>Zazwyczaj realizacja zam\u00f3wienia zajmuje od 1 do 3 dni roboczych. Szczeg\u00f3\u0142y dotycz\u0105ce dostawy znajdziesz na naszej stronie <a href=\"https:\/\/annamar-gift.com\/en\/strone-z-informacjami-o-dostawie\/\">strona z informacjami o dostawie<\/a>.<\/p>\n\n\n\n<p><strong>Prawo odst\u0105pienia od umowy<\/strong><br>Masz prawo do odst\u0105pienia od umowy w ci\u0105gu 14 dni od otrzymania zam\u00f3wienia bez podania przyczyny. Aby skorzysta\u0107 z prawa odst\u0105pienia od umowy, poinformuj nas o swojej decyzji za pomoc\u0105 jednoznacznego o\u015bwiadczenia, wysy\u0142aj\u0105c je na nasz adres pocztowy lub e-mail. Wz\u00f3r o\u015bwiadczenia o odst\u0105pieniu od umowy znajdziesz poni\u017cej:<\/p>\n\n\n\n<p><strong>Wz\u00f3r o\u015bwiadczenia o odst\u0105pieniu od umowy<\/strong><br>Adresat: Annamar-art<br>Adres: Warszawa, Kajetana Garbi\u0144skiego 3\/146<br>NIP: 5273096881<br>E-mail: <a>annamar.studia@gmail.com<\/a><br>Ja, Anatolii Bernadyn, niniejszym informuj\u0119 o moim odst\u0105pieniu od umowy sprzeda\u017cy nast\u0119puj\u0105cych rzeczy [wymie\u0144 rzeczy], numer zam\u00f3wienia [wpisz numer zam\u00f3wienia].<br>Data zawarcia umowy: [data], data odbioru: [data].<br>Podpis: [tylko je\u015bli formularz jest wysy\u0142any w wersji papierowej]<br>Data: [data]<\/p>\n\n\n\n<p><strong>Termin zwrotu \u015brodk\u00f3w<\/strong><br>W przypadku odst\u0105pienia od umowy, zwrot \u015brodk\u00f3w nast\u0105pi nie p\u00f3\u017aniej ni\u017c 14 dni od dnia, w kt\u00f3rym zostali\u015bmy poinformowani o Twojej decyzji o odst\u0105pieniu od umowy. Zwrot p\u0142atno\u015bci nast\u0105pi przy u\u017cyciu takich samych metod p\u0142atno\u015bci, jakie zosta\u0142y przez Ciebie u\u017cyte w pierwotnej transakcji, chyba \u017ce wyra\u017anie zgodzisz si\u0119 na inne rozwi\u0105zanie; w ka\u017cdym przypadku nie poniesiesz \u017cadnych op\u0142at w zwi\u0105zku z tym zwrotem.<\/p>\n\n\n\n<p><strong>Reklamacje<\/strong><br>Je\u015bli zakupiony produkt jest wadliwy, masz prawo do reklamacji zgodnie z obowi\u0105zuj\u0105cymi przepisami prawa. Aby zg\u0142osi\u0107 reklamacj\u0119, skontaktuj si\u0119 z nami na adres e-mail: <a>annamar.studia@gmail.com<\/a> lub telefonicznie: +48 516 600 714, opisuj\u0105c wad\u0119 produktu oraz podaj\u0105c numer zam\u00f3wienia. Rozpatrzenie reklamacji nast\u0105pi w ci\u0105gu 14 dni roboczych od daty jej zg\u0142oszenia.<\/p>\n\n\n\n<p><strong>Ochrona danych osobowych<\/strong><br>Dbamy o ochron\u0119 Twoich danych osobowych. Wi\u0119cej informacji znajdziesz w naszej polityce prywatno\u015bci.<\/p>\n\n\n\n<p><strong>Kontakt<\/strong><br>Je\u015bli masz jakiekolwiek pytania dotycz\u0105ce naszego regulaminu, skontaktuj si\u0119 z nami <a href=\"mailto:annamar.studia@gmail.com\">annamar.studia@gmail.com<\/a>.<\/p>\n\n\n\n<p><\/p>","protected":false},"excerpt":{"rendered":"<p>Zakres i warunkiNiniejszy regulamin okre\u015bla warunki korzystania z naszego sklepu internetowego. Korzystaj\u0105c z naszego sklepu, zgadzasz si\u0119 na przestrzeganie niniejszego regulaminu oraz wszelkich zasad i warunk\u00f3w korzystania z naszych us\u0142ug. Zastrzegamy sobie prawo do zmiany niniejszego regulaminu w dowolnym czasie. Wszelkie zmiany b\u0119d\u0105 publikowane na tej stronie. Informacje o sprzedawcyNazwa firmy: Annamar-artAdres: Warszawa, Kajetana Garbi\u0144skiego [&hellip;]<\/p>","protected":false},"author":1,"featured_media":0,"parent":0,"menu_order":0,"comment_status":"closed","ping_status":"closed","template":"","meta":{"_uf_show_specific_survey":0,"_uf_disable_surveys":false,"footnotes":""},"class_list":["post-219","page","type-page","status-publish","hentry"],"yoast_head":"<!-- This site is optimized with the Yoast SEO plugin v26.6 - https:\/\/yoast.com\/wordpress\/plugins\/seo\/ -->\n<title>Regulamin sklepu &#8212; Annamar Gift<\/title>\n<meta name=\"robots\" content=\"index, follow, max-snippet:-1, max-image-preview:large, max-video-preview:-1\" \/>\n<link rel=\"canonical\" href=\"https:\/\/annamar-gift.com\/en\/regulamin-sklepu\/\" \/>\n<meta property=\"og:locale\" content=\"en_GB\" \/>\n<meta property=\"og:type\" content=\"article\" \/>\n<meta property=\"og:title\" content=\"Regulamin sklepu &#8212; Annamar Gift\" \/>\n<meta property=\"og:description\" content=\"Zakres i warunkiNiniejszy regulamin okre\u015bla warunki korzystania z naszego sklepu internetowego. Korzystaj\u0105c z naszego sklepu, zgadzasz si\u0119 na przestrzeganie niniejszego regulaminu oraz wszelkich zasad i warunk\u00f3w korzystania z naszych us\u0142ug. Zastrzegamy sobie prawo do zmiany niniejszego regulaminu w dowolnym czasie. Wszelkie zmiany b\u0119d\u0105 publikowane na tej stronie. Informacje o sprzedawcyNazwa firmy: Annamar-artAdres: Warszawa, Kajetana Garbi\u0144skiego [&hellip;]\" \/>\n<meta property=\"og:url\" content=\"https:\/\/annamar-gift.com\/en\/regulamin-sklepu\/\" \/>\n<meta property=\"og:site_name\" content=\"Annamar Gift\" \/>\n<meta property=\"article:modified_time\" content=\"2024-06-05T09:45:31+00:00\" \/>\n<meta name=\"twitter:card\" content=\"summary_large_image\" \/>\n<meta name=\"twitter:label1\" content=\"Estimated reading time\" \/>\n\t<meta name=\"twitter:data1\" content=\"3 minutes\" \/>\n<script type=\"application\/ld+json\" class=\"yoast-schema-graph\">{\"@context\":\"https:\/\/schema.org\",\"@graph\":[{\"@type\":\"WebPage\",\"@id\":\"https:\/\/annamar-gift.com\/regulamin-sklepu\/\",\"url\":\"https:\/\/annamar-gift.com\/regulamin-sklepu\/\",\"name\":\"Regulamin sklepu &#8212; Annamar Gift\",\"isPartOf\":{\"@id\":\"https:\/\/annamar-gift.com\/#website\"},\"datePublished\":\"2024-04-12T09:29:15+00:00\",\"dateModified\":\"2024-06-05T09:45:31+00:00\",\"breadcrumb\":{\"@id\":\"https:\/\/annamar-gift.com\/regulamin-sklepu\/#breadcrumb\"},\"inLanguage\":\"en-GB\",\"potentialAction\":[{\"@type\":\"ReadAction\",\"target\":[\"https:\/\/annamar-gift.com\/regulamin-sklepu\/\"]}]},{\"@type\":\"BreadcrumbList\",\"@id\":\"https:\/\/annamar-gift.com\/regulamin-sklepu\/#breadcrumb\",\"itemListElement\":[{\"@type\":\"ListItem\",\"position\":1,\"name\":\"Home\",\"item\":\"https:\/\/annamar-gift.com\/\"},{\"@type\":\"ListItem\",\"position\":2,\"name\":\"Regulamin sklepu\"}]},{\"@type\":\"WebSite\",\"@id\":\"https:\/\/annamar-gift.com\/#website\",\"url\":\"https:\/\/annamar-gift.com\/\",\"name\":\"Annamar Gift\",\"description\":\"\",\"potentialAction\":[{\"@type\":\"SearchAction\",\"target\":{\"@type\":\"EntryPoint\",\"urlTemplate\":\"https:\/\/annamar-gift.com\/?s={search_term_string}\"},\"query-input\":{\"@type\":\"PropertyValueSpecification\",\"valueRequired\":true,\"valueName\":\"search_term_string\"}}],\"inLanguage\":\"en-GB\"}]}<\/script>\n<!-- \/ Yoast SEO plugin. -->","yoast_head_json":{"title":"Regulamin sklepu &#8212; Annamar Gift","robots":{"index":"index","follow":"follow","max-snippet":"max-snippet:-1","max-image-preview":"max-image-preview:large","max-video-preview":"max-video-preview:-1"},"canonical":"https:\/\/annamar-gift.com\/en\/regulamin-sklepu\/","og_locale":"en_GB","og_type":"article","og_title":"Regulamin sklepu &#8212; Annamar Gift","og_description":"Zakres i warunkiNiniejszy regulamin okre\u015bla warunki korzystania z naszego sklepu internetowego. Korzystaj\u0105c z naszego sklepu, zgadzasz si\u0119 na przestrzeganie niniejszego regulaminu oraz wszelkich zasad i warunk\u00f3w korzystania z naszych us\u0142ug. Zastrzegamy sobie prawo do zmiany niniejszego regulaminu w dowolnym czasie. Wszelkie zmiany b\u0119d\u0105 publikowane na tej stronie. Informacje o sprzedawcyNazwa firmy: Annamar-artAdres: Warszawa, Kajetana Garbi\u0144skiego [&hellip;]","og_url":"https:\/\/annamar-gift.com\/en\/regulamin-sklepu\/","og_site_name":"Annamar Gift","article_modified_time":"2024-06-05T09:45:31+00:00","twitter_card":"summary_large_image","twitter_misc":{"Estimated reading time":"3 minutes"},"schema":{"@context":"https:\/\/schema.org","@graph":[{"@type":"WebPage","@id":"https:\/\/annamar-gift.com\/regulamin-sklepu\/","url":"https:\/\/annamar-gift.com\/regulamin-sklepu\/","name":"Regulamin sklepu &#8212; Annamar Gift","isPartOf":{"@id":"https:\/\/annamar-gift.com\/#website"},"datePublished":"2024-04-12T09:29:15+00:00","dateModified":"2024-06-05T09:45:31+00:00","breadcrumb":{"@id":"https:\/\/annamar-gift.com\/regulamin-sklepu\/#breadcrumb"},"inLanguage":"en-GB","potentialAction":[{"@type":"ReadAction","target":["https:\/\/annamar-gift.com\/regulamin-sklepu\/"]}]},{"@type":"BreadcrumbList","@id":"https:\/\/annamar-gift.com\/regulamin-sklepu\/#breadcrumb","itemListElement":[{"@type":"ListItem","position":1,"name":"Home","item":"https:\/\/annamar-gift.com\/"},{"@type":"ListItem","position":2,"name":"Regulamin sklepu"}]},{"@type":"WebSite","@id":"https:\/\/annamar-gift.com\/#website","url":"https:\/\/annamar-gift.com\/","name":"Annamar Gift","description":"","potentialAction":[{"@type":"SearchAction","target":{"@type":"EntryPoint","urlTemplate":"https:\/\/annamar-gift.com\/?s={search_term_string}"},"query-input":{"@type":"PropertyValueSpecification","valueRequired":true,"valueName":"search_term_string"}}],"inLanguage":"en-GB"}]}},"_links":{"self":[{"href":"https:\/\/annamar-gift.com\/en\/wp-json\/wp\/v2\/pages\/219","targetHints":{"allow":["GET"]}}],"collection":[{"href":"https:\/\/annamar-gift.com\/en\/wp-json\/wp\/v2\/pages"}],"about":[{"href":"https:\/\/annamar-gift.com\/en\/wp-json\/wp\/v2\/types\/page"}],"author":[{"embeddable":true,"href":"https:\/\/annamar-gift.com\/en\/wp-json\/wp\/v2\/users\/1"}],"replies":[{"embeddable":true,"href":"https:\/\/annamar-gift.com\/en\/wp-json\/wp\/v2\/comments?post=219"}],"version-history":[{"count":6,"href":"https:\/\/annamar-gift.com\/en\/wp-json\/wp\/v2\/pages\/219\/revisions"}],"predecessor-version":[{"id":484,"href":"https:\/\/annamar-gift.com\/en\/wp-json\/wp\/v2\/pages\/219\/revisions\/484"}],"wp:attachment":[{"href":"https:\/\/annamar-gift.com\/en\/wp-json\/wp\/v2\/media?parent=219"}],"curies":[{"name":"wp","href":"https:\/\/api.w.org\/{rel}","templated":true}]}}