{"id":243,"date":"2024-04-14T14:18:07","date_gmt":"2024-04-14T12:18:07","guid":{"rendered":"https:\/\/annamar-gift.com\/?page_id=243"},"modified":"2024-05-14T16:44:50","modified_gmt":"2024-05-14T14:44:50","slug":"strone-z-informacjami-o-dostawie","status":"publish","type":"page","link":"https:\/\/annamar-gift.com\/en\/strone-z-informacjami-o-dostawie\/","title":{"rendered":"Stron\u0119 z informacjami o dostawie"},"content":{"rendered":"<p><\/p>\n\n\n\n<p>Dzi\u0119kujemy, \u017ce wybrali\u015bcie nasz sklep! Poni\u017cej znajduj\u0105 si\u0119 informacje dotycz\u0105ce dost\u0119pnych metod dostawy i ich warunk\u00f3w:<\/p>\n\n\n\n<p><strong>DPD<\/strong><\/p>\n\n\n\n<p>Oferujemy dostaw\u0119 za po\u015brednictwem firmy DPD, solidnej firmy zajmuj\u0105cej si\u0119 dostaw\u0105 przesy\u0142ek. Ta metoda dostawy zapewnia szybk\u0105 i niezawodn\u0105 dostaw\u0119 twojego zam\u00f3wienia. Aby uzyska\u0107 dodatkowe informacje na temat warunk\u00f3w i termin\u00f3w dostawy, prosimy skontaktowa\u0107 si\u0119 z naszym dzia\u0142em obs\u0142ugi klienta.<\/p>\n\n\n\n<p><strong>InPost<\/strong><\/p>\n\n\n\n<p>Nasz sklep oferuje r\u00f3wnie\u017c dostaw\u0119 za po\u015brednictwem firmy InPost, jednej z najpopularniejszych firm dostarczaj\u0105cych przesy\u0142ki w Polsce. Ta metoda dostawy jest szybkim i wygodnym sposobem otrzymywania zam\u00f3wienia. Aby uzyska\u0107 wi\u0119cej informacji na temat warunk\u00f3w i termin\u00f3w dostawy, skontaktuj si\u0119 z naszymi przedstawicielami.<\/p>\n\n\n\n<p>Prosimy wybra\u0107 metod\u0119 dostawy, kt\u00f3ra najlepiej odpowiada Twoim potrzebom podczas sk\u0142adania zam\u00f3wienia. Je\u015bli masz jakiekolwiek pytania lub potrzebujesz dodatkowych informacji, skontaktuj si\u0119 z naszym dzia\u0142em obs\u0142ugi klienta.<\/p>\n\n\n\n<p><strong>ZWROTY I WYMIANY<\/strong><\/p>\n\n\n\n<ol class=\"wp-block-list\">\n<li>B\u0119d\u0105c konsumentem maj\u0105 Pa\u0144stwo prawo odst\u0105pi\u0107 od umowy zawartej w Sklepie Internetowym w terminie 30 dni bez podania jakiejkolwiek przyczyny. Termin do odst\u0105pienia od umowy wygasa po up\u0142ywie 30 dni od dnia w kt\u00f3rym weszli Pa\u0144stwo w posiadanie rzeczy lub w kt\u00f3rym osoba trzecia inna ni\u017c przewo\u017anik i wskazana przez Pa\u0144stwa wesz\u0142a w posiadanie rzeczy. Aby skorzysta\u0107 z prawa odst\u0105pienia od umowy, musz\u0105 Pa\u0144stwo poinformowa\u0107 nas o swojej decyzji o odst\u0105pieniu od niniejszej umowy poczt\u0105 elektroniczn\u0105 <a href=\"mailto:annamar.studia@gmail.com\">annamar.studia@gmail.com<\/a><\/li>\n\n\n\n<li>Nie przyjmujemy paczek wys\u0142anych za pobraniem. Przesy\u0142ka powinna by\u0107 wys\u0142ana jako przesy\u0142ka rejestrowana.<\/li>\n\n\n\n<li>Produkty powinny by\u0107 odpowiednio zapakowane oraz zabezpieczone przed uszkodzeniem.<\/li>\n\n\n\n<li>Klient ponosi bezpo\u015brednie koszty zwrotu rzeczy.<\/li>\n\n\n\n<li>W przypadku odst\u0105pienia od niniejszej umowy zwracamy Pa\u0144stwu otrzymane od Pa\u0144stwa p\u0142atno\u015bci za towar, z wyj\u0105tkiem koszt\u00f3w dostarczenia zwrotu.<\/li>\n\n\n\n<li>P\u0142atno\u015b\u0107 za przedp\u0142at\u0105 zwracamy na konto z kt\u00f3rego by\u0142 zrobiony przelew (za po\u015brednictwem p\u0142atno\u015bci PayU).<\/li>\n\n\n\n<li>P\u0142atno\u015b\u0107 za pobraniem zwracamy na konto podane\u00a0na maila.<\/li>\n<\/ol>","protected":false},"excerpt":{"rendered":"<p>Dzi\u0119kujemy, \u017ce wybrali\u015bcie nasz sklep! Poni\u017cej znajduj\u0105 si\u0119 informacje dotycz\u0105ce dost\u0119pnych metod dostawy i ich warunk\u00f3w: DPD Oferujemy dostaw\u0119 za po\u015brednictwem firmy DPD, solidnej firmy zajmuj\u0105cej si\u0119 dostaw\u0105 przesy\u0142ek. Ta metoda dostawy zapewnia szybk\u0105 i niezawodn\u0105 dostaw\u0119 twojego zam\u00f3wienia. Aby uzyska\u0107 dodatkowe informacje na temat warunk\u00f3w i termin\u00f3w dostawy, prosimy skontaktowa\u0107 si\u0119 z naszym dzia\u0142em [&hellip;]<\/p>","protected":false},"author":1,"featured_media":0,"parent":0,"menu_order":0,"comment_status":"closed","ping_status":"closed","template":"","meta":{"_uf_show_specific_survey":0,"_uf_disable_surveys":false,"footnotes":""},"class_list":["post-243","page","type-page","status-publish","hentry"],"yoast_head":"<!-- This site is optimized with the Yoast SEO plugin v26.6 - https:\/\/yoast.com\/wordpress\/plugins\/seo\/ -->\n<title>Stron\u0119 z informacjami o dostawie &#8212; Annamar Gift<\/title>\n<meta name=\"robots\" content=\"index, follow, max-snippet:-1, max-image-preview:large, max-video-preview:-1\" \/>\n<link rel=\"canonical\" href=\"https:\/\/annamar-gift.com\/en\/strone-z-informacjami-o-dostawie\/\" \/>\n<meta property=\"og:locale\" content=\"en_GB\" \/>\n<meta property=\"og:type\" content=\"article\" \/>\n<meta property=\"og:title\" content=\"Stron\u0119 z informacjami o dostawie &#8212; Annamar Gift\" \/>\n<meta property=\"og:description\" content=\"Dzi\u0119kujemy, \u017ce wybrali\u015bcie nasz sklep! Poni\u017cej znajduj\u0105 si\u0119 informacje dotycz\u0105ce dost\u0119pnych metod dostawy i ich warunk\u00f3w: DPD Oferujemy dostaw\u0119 za po\u015brednictwem firmy DPD, solidnej firmy zajmuj\u0105cej si\u0119 dostaw\u0105 przesy\u0142ek. Ta metoda dostawy zapewnia szybk\u0105 i niezawodn\u0105 dostaw\u0119 twojego zam\u00f3wienia. Aby uzyska\u0107 dodatkowe informacje na temat warunk\u00f3w i termin\u00f3w dostawy, prosimy skontaktowa\u0107 si\u0119 z naszym dzia\u0142em [&hellip;]\" \/>\n<meta property=\"og:url\" content=\"https:\/\/annamar-gift.com\/en\/strone-z-informacjami-o-dostawie\/\" \/>\n<meta property=\"og:site_name\" content=\"Annamar Gift\" \/>\n<meta property=\"article:modified_time\" content=\"2024-05-14T14:44:50+00:00\" \/>\n<meta name=\"twitter:card\" content=\"summary_large_image\" \/>\n<meta name=\"twitter:label1\" content=\"Estimated reading time\" \/>\n\t<meta name=\"twitter:data1\" content=\"2 minutes\" \/>\n<script type=\"application\/ld+json\" class=\"yoast-schema-graph\">{\"@context\":\"https:\/\/schema.org\",\"@graph\":[{\"@type\":\"WebPage\",\"@id\":\"https:\/\/annamar-gift.com\/strone-z-informacjami-o-dostawie\/\",\"url\":\"https:\/\/annamar-gift.com\/strone-z-informacjami-o-dostawie\/\",\"name\":\"Stron\u0119 z informacjami o dostawie &#8212; Annamar Gift\",\"isPartOf\":{\"@id\":\"https:\/\/annamar-gift.com\/#website\"},\"datePublished\":\"2024-04-14T12:18:07+00:00\",\"dateModified\":\"2024-05-14T14:44:50+00:00\",\"breadcrumb\":{\"@id\":\"https:\/\/annamar-gift.com\/strone-z-informacjami-o-dostawie\/#breadcrumb\"},\"inLanguage\":\"en-GB\",\"potentialAction\":[{\"@type\":\"ReadAction\",\"target\":[\"https:\/\/annamar-gift.com\/strone-z-informacjami-o-dostawie\/\"]}]},{\"@type\":\"BreadcrumbList\",\"@id\":\"https:\/\/annamar-gift.com\/strone-z-informacjami-o-dostawie\/#breadcrumb\",\"itemListElement\":[{\"@type\":\"ListItem\",\"position\":1,\"name\":\"Home\",\"item\":\"https:\/\/annamar-gift.com\/\"},{\"@type\":\"ListItem\",\"position\":2,\"name\":\"Stron\u0119 z informacjami o dostawie\"}]},{\"@type\":\"WebSite\",\"@id\":\"https:\/\/annamar-gift.com\/#website\",\"url\":\"https:\/\/annamar-gift.com\/\",\"name\":\"Annamar Gift\",\"description\":\"\",\"potentialAction\":[{\"@type\":\"SearchAction\",\"target\":{\"@type\":\"EntryPoint\",\"urlTemplate\":\"https:\/\/annamar-gift.com\/?s={search_term_string}\"},\"query-input\":{\"@type\":\"PropertyValueSpecification\",\"valueRequired\":true,\"valueName\":\"search_term_string\"}}],\"inLanguage\":\"en-GB\"}]}<\/script>\n<!-- \/ Yoast SEO plugin. -->","yoast_head_json":{"title":"Stron\u0119 z informacjami o dostawie &#8212; Annamar Gift","robots":{"index":"index","follow":"follow","max-snippet":"max-snippet:-1","max-image-preview":"max-image-preview:large","max-video-preview":"max-video-preview:-1"},"canonical":"https:\/\/annamar-gift.com\/en\/strone-z-informacjami-o-dostawie\/","og_locale":"en_GB","og_type":"article","og_title":"Stron\u0119 z informacjami o dostawie &#8212; Annamar Gift","og_description":"Dzi\u0119kujemy, \u017ce wybrali\u015bcie nasz sklep! Poni\u017cej znajduj\u0105 si\u0119 informacje dotycz\u0105ce dost\u0119pnych metod dostawy i ich warunk\u00f3w: DPD Oferujemy dostaw\u0119 za po\u015brednictwem firmy DPD, solidnej firmy zajmuj\u0105cej si\u0119 dostaw\u0105 przesy\u0142ek. Ta metoda dostawy zapewnia szybk\u0105 i niezawodn\u0105 dostaw\u0119 twojego zam\u00f3wienia. Aby uzyska\u0107 dodatkowe informacje na temat warunk\u00f3w i termin\u00f3w dostawy, prosimy skontaktowa\u0107 si\u0119 z naszym dzia\u0142em [&hellip;]","og_url":"https:\/\/annamar-gift.com\/en\/strone-z-informacjami-o-dostawie\/","og_site_name":"Annamar Gift","article_modified_time":"2024-05-14T14:44:50+00:00","twitter_card":"summary_large_image","twitter_misc":{"Estimated reading time":"2 minutes"},"schema":{"@context":"https:\/\/schema.org","@graph":[{"@type":"WebPage","@id":"https:\/\/annamar-gift.com\/strone-z-informacjami-o-dostawie\/","url":"https:\/\/annamar-gift.com\/strone-z-informacjami-o-dostawie\/","name":"Stron\u0119 z informacjami o dostawie &#8212; Annamar Gift","isPartOf":{"@id":"https:\/\/annamar-gift.com\/#website"},"datePublished":"2024-04-14T12:18:07+00:00","dateModified":"2024-05-14T14:44:50+00:00","breadcrumb":{"@id":"https:\/\/annamar-gift.com\/strone-z-informacjami-o-dostawie\/#breadcrumb"},"inLanguage":"en-GB","potentialAction":[{"@type":"ReadAction","target":["https:\/\/annamar-gift.com\/strone-z-informacjami-o-dostawie\/"]}]},{"@type":"BreadcrumbList","@id":"https:\/\/annamar-gift.com\/strone-z-informacjami-o-dostawie\/#breadcrumb","itemListElement":[{"@type":"ListItem","position":1,"name":"Home","item":"https:\/\/annamar-gift.com\/"},{"@type":"ListItem","position":2,"name":"Stron\u0119 z informacjami o dostawie"}]},{"@type":"WebSite","@id":"https:\/\/annamar-gift.com\/#website","url":"https:\/\/annamar-gift.com\/","name":"Annamar Gift","description":"","potentialAction":[{"@type":"SearchAction","target":{"@type":"EntryPoint","urlTemplate":"https:\/\/annamar-gift.com\/?s={search_term_string}"},"query-input":{"@type":"PropertyValueSpecification","valueRequired":true,"valueName":"search_term_string"}}],"inLanguage":"en-GB"}]}},"_links":{"self":[{"href":"https:\/\/annamar-gift.com\/en\/wp-json\/wp\/v2\/pages\/243","targetHints":{"allow":["GET"]}}],"collection":[{"href":"https:\/\/annamar-gift.com\/en\/wp-json\/wp\/v2\/pages"}],"about":[{"href":"https:\/\/annamar-gift.com\/en\/wp-json\/wp\/v2\/types\/page"}],"author":[{"embeddable":true,"href":"https:\/\/annamar-gift.com\/en\/wp-json\/wp\/v2\/users\/1"}],"replies":[{"embeddable":true,"href":"https:\/\/annamar-gift.com\/en\/wp-json\/wp\/v2\/comments?post=243"}],"version-history":[{"count":3,"href":"https:\/\/annamar-gift.com\/en\/wp-json\/wp\/v2\/pages\/243\/revisions"}],"predecessor-version":[{"id":472,"href":"https:\/\/annamar-gift.com\/en\/wp-json\/wp\/v2\/pages\/243\/revisions\/472"}],"wp:attachment":[{"href":"https:\/\/annamar-gift.com\/en\/wp-json\/wp\/v2\/media?parent=243"}],"curies":[{"name":"wp","href":"https:\/\/api.w.org\/{rel}","templated":true}]}}