{"id":255,"date":"2024-04-14T14:47:40","date_gmt":"2024-04-14T12:47:40","guid":{"rendered":"https:\/\/annamar-gift.com\/?page_id=255"},"modified":"2024-10-06T12:03:32","modified_gmt":"2024-10-06T10:03:32","slug":"nasz-blog","status":"publish","type":"page","link":"https:\/\/annamar-gift.com\/en\/nasz-blog\/","title":{"rendered":"Nasz blog"},"content":{"rendered":"<div class=\"wp-block-query is-layout-flow wp-block-query-is-layout-flow\"><ul class=\"wp-block-post-template is-layout-flow wp-block-post-template-is-layout-flow\"><li class=\"wp-block-post post-789 post type-post status-publish format-standard has-post-thumbnail hentry category-uncategorized tag-ekologiczna-dekoracja tag-naturalne-materialy tag-obrazy-na-drewnie tag-oryginalne-dekoracje tag-portret-na-drewnie tag-swieto-niepodleglosci-polski tag-swietowanie-dnia-niepodleglosci-polski tag-trendy-wnetrzarskie-2024\">\n<h2 class=\"wp-block-post-title\">\u015awi\u0119towanie Dnia Niepodleg\u0142o\u015bci z personalizowanym portretem na drewnie: wizualizujemy histori\u0119 waszej mi\u0142o\u015bci<\/h2>\n\n<div class=\"wp-block-post-date flex\"><svg class=\"icon icon-calendar\" aria-hidden=\"true\" role=\"img\"> <use href=\"#icon-calendar\" xlink:href=\"#icon-calendar\"><\/use> <\/svg><time datetime=\"2024-09-12T10:35:00+02:00\">2024-09-12<\/time><\/div>\n\n<div class=\"wp-block-post-excerpt\"><p class=\"wp-block-post-excerpt__excerpt\">Dzie\u0144 Niepodleg\u0142o\u015bci to wyj\u0105tkowy czas na \u015bwi\u0119towanie i dum\u0119 z naszej ojczyzny, ale to tak\u017ce doskona\u0142a okazja, aby zrobi\u0107 niezapomniany prezent dla ukochanej osoby. Je\u015bli szukasz czego\u015b szczeg\u00f3lnego i pami\u0119tnego, rozwa\u017c personalizowany portret na drewnie. To oryginalny i emocjonalny spos\u00f3b na uwiecznienie waszej mi\u0142o\u015bci w dziele sztuki, kt\u00f3re b\u0119dzie cieszy\u0107 was przez d\u0142ugie lata. Dlaczego<\/p><p class=\"wp-block-post-excerpt__more-text\"><a class=\"wp-block-post-excerpt__more-link\" href=\"https:\/\/annamar-gift.com\/en\/swietowanie-dnia-niepodleglosci-z-personalizowanym-portretem-na-drewnie-wizualizujemy-historie-waszej-milosci\/\">Czytaj dalej<\/a><\/p><\/div>\n<\/li><li class=\"wp-block-post post-828 post type-post status-publish format-standard has-post-thumbnail hentry category-uncategorized tag-dekoracja-wnetrz tag-ekologiczna-dekoracja tag-naturalne-materialy tag-obrazy-na-drewnie tag-oryginalne-dekoracje tag-oryginalny-prezent tag-portret-na-drewnie tag-prezent tag-trendy-wnetrzarskie-2024\">\n<h2 class=\"wp-block-post-title\">Pami\u0105tka na \u015awi\u0119cenie Nowego Mieszkania: Dlaczego Portret na Drewnie B\u0119dzie Idealn\u0105 Dekoracj\u0105<\/h2>\n\n<div class=\"wp-block-post-date flex\"><svg class=\"icon icon-calendar\" aria-hidden=\"true\" role=\"img\"> <use href=\"#icon-calendar\" xlink:href=\"#icon-calendar\"><\/use> <\/svg><time datetime=\"2024-09-10T16:43:27+02:00\">2024-09-10<\/time><\/div>\n\n<div class=\"wp-block-post-excerpt\"><p class=\"wp-block-post-excerpt__excerpt\">\u015awi\u0119cenie nowego mieszkania to wyj\u0105tkowa okazja, kt\u00f3ra zas\u0142uguje na szczeg\u00f3ln\u0105 pami\u0105tk\u0119. Wyb\u00f3r prezentu na t\u0119 okazj\u0119 mo\u017ce by\u0107 wyzwaniem, ale portret wypalany na drewnie to doskona\u0142a propozycja dla zakochanych i ma\u0142\u017ce\u0144stw. Oto kilka powod\u00f3w, dlaczego ten unikalny prezent stanie si\u0119 idealn\u0105 dekoracj\u0105 w nowym domu. 1. Niezwyk\u0142a Personalizacja Portret na drewnie to prezent, kt\u00f3ry mo\u017cna<\/p><p class=\"wp-block-post-excerpt__more-text\"><a class=\"wp-block-post-excerpt__more-link\" href=\"https:\/\/annamar-gift.com\/en\/pamiatka-na-swiecenie-nowego-mieszkania-dlaczego-portret-na-drewnie-bedzie-idealna-dekoracja\/\">Czytaj dalej<\/a><\/p><\/div>\n<\/li><li class=\"wp-block-post post-824 post type-post status-publish format-standard has-post-thumbnail hentry category-uncategorized tag-dekoracja-wnetrz tag-ekologiczna-dekoracja tag-naturalne-materialy tag-obrazy-na-drewnie tag-oryginalne-dekoracje tag-oryginalny-prezent tag-portret-na-drewnie tag-prezent tag-trendy-wnetrzarskie-2024\">\n<h2 class=\"wp-block-post-title\">Wsp\u00f3lne Osi\u0105gni\u0119cia: Jak Portret na Drewnie Odzwierciedla Wasze Marzenia i Plany<\/h2>\n\n<div class=\"wp-block-post-date flex\"><svg class=\"icon icon-calendar\" aria-hidden=\"true\" role=\"img\"> <use href=\"#icon-calendar\" xlink:href=\"#icon-calendar\"><\/use> <\/svg><time datetime=\"2024-09-10T16:39:11+02:00\">2024-09-10<\/time><\/div>\n\n<div class=\"wp-block-post-excerpt\"><p class=\"wp-block-post-excerpt__excerpt\">Wsp\u00f3lne osi\u0105gni\u0119cia s\u0105 sercem ka\u017cdej relacji, a ich \u015bwi\u0119towanie wzmacnia wi\u0119zi i tworzy niezatarte wspomnienia. Dlatego w\u0142a\u015bnie portret na drewnie, jako unikalny prezent, idealnie odzwierciedla wsp\u00f3lne marzenia i plany zakochanych par oraz ma\u0142\u017ce\u0144stw. Dlaczego portret na drewnie? Portret wykonany na drewnie to wi\u0119cej ni\u017c tylko dekoracja \u2014 to osobisty i sentymentalny symbol Waszej wsp\u00f3lnej podr\u00f3\u017cy.<\/p><p class=\"wp-block-post-excerpt__more-text\"><a class=\"wp-block-post-excerpt__more-link\" href=\"https:\/\/annamar-gift.com\/en\/wspolne-osiagniecia-jak-portret-na-drewnie-odzwierciedla-wasze-marzenia-i-plany\/\">Czytaj dalej<\/a><\/p><\/div>\n<\/li><\/ul>\n\n<nav class=\"wp-block-query-pagination is-layout-flex wp-block-query-pagination-is-layout-flex\" aria-label=\"Pagination\">\n\n\n<div class=\"wp-block-query-pagination-numbers\"><span aria-current=\"page\" class=\"page-numbers current\">1<\/span>\n<a class=\"page-numbers\" href=\"?query-35-page=2\">2<\/a>\n<a class=\"page-numbers\" href=\"?query-35-page=3\">3<\/a>\n<span class=\"page-numbers dots\">&hellip;<\/span>\n<a class=\"page-numbers\" href=\"?query-35-page=22\">22<\/a><\/div>\n\n<a href=\"\/en\/wp-json\/wp\/v2\/pages\/255?query-35-page=2\" class=\"wp-block-query-pagination-next\">Next Page<\/a>\n<\/nav>\n\n<\/div>","protected":false},"excerpt":{"rendered":"","protected":false},"author":1,"featured_media":0,"parent":0,"menu_order":0,"comment_status":"closed","ping_status":"closed","template":"","meta":{"_uf_show_specific_survey":0,"_uf_disable_surveys":false,"footnotes":""},"class_list":["post-255","page","type-page","status-publish","hentry"],"yoast_head":"<!-- This site is optimized with the Yoast SEO plugin v26.6 - https:\/\/yoast.com\/wordpress\/plugins\/seo\/ -->\n<title>Nasz blog &#8212; Annamar Gift<\/title>\n<meta name=\"robots\" content=\"index, follow, max-snippet:-1, max-image-preview:large, max-video-preview:-1\" \/>\n<link rel=\"canonical\" href=\"https:\/\/annamar-gift.com\/en\/nasz-blog\/\" \/>\n<link rel=\"next\" href=\"https:\/\/annamar-gift.com\/nasz-blog\/255?query-35-page=2\" \/>\n<meta property=\"og:locale\" content=\"en_GB\" \/>\n<meta property=\"og:type\" content=\"article\" \/>\n<meta property=\"og:title\" content=\"Nasz blog &#8212; Annamar Gift\" \/>\n<meta property=\"og:url\" content=\"https:\/\/annamar-gift.com\/en\/nasz-blog\/\" \/>\n<meta property=\"og:site_name\" content=\"Annamar Gift\" \/>\n<meta property=\"article:modified_time\" content=\"2024-10-06T10:03:32+00:00\" \/>\n<meta name=\"twitter:card\" content=\"summary_large_image\" \/>\n<script type=\"application\/ld+json\" class=\"yoast-schema-graph\">{\"@context\":\"https:\/\/schema.org\",\"@graph\":[{\"@type\":\"WebPage\",\"@id\":\"https:\/\/annamar-gift.com\/nasz-blog\/\",\"url\":\"https:\/\/annamar-gift.com\/nasz-blog\/\",\"name\":\"Nasz blog &#8212; Annamar Gift\",\"isPartOf\":{\"@id\":\"https:\/\/annamar-gift.com\/#website\"},\"datePublished\":\"2024-04-14T12:47:40+00:00\",\"dateModified\":\"2024-10-06T10:03:32+00:00\",\"breadcrumb\":{\"@id\":\"https:\/\/annamar-gift.com\/nasz-blog\/#breadcrumb\"},\"inLanguage\":\"en-GB\",\"potentialAction\":[{\"@type\":\"ReadAction\",\"target\":[\"https:\/\/annamar-gift.com\/nasz-blog\/\"]}]},{\"@type\":\"BreadcrumbList\",\"@id\":\"https:\/\/annamar-gift.com\/nasz-blog\/#breadcrumb\",\"itemListElement\":[{\"@type\":\"ListItem\",\"position\":1,\"name\":\"Home\",\"item\":\"https:\/\/annamar-gift.com\/\"},{\"@type\":\"ListItem\",\"position\":2,\"name\":\"Nasz blog\"}]},{\"@type\":\"WebSite\",\"@id\":\"https:\/\/annamar-gift.com\/#website\",\"url\":\"https:\/\/annamar-gift.com\/\",\"name\":\"Annamar Gift\",\"description\":\"\",\"potentialAction\":[{\"@type\":\"SearchAction\",\"target\":{\"@type\":\"EntryPoint\",\"urlTemplate\":\"https:\/\/annamar-gift.com\/?s={search_term_string}\"},\"query-input\":{\"@type\":\"PropertyValueSpecification\",\"valueRequired\":true,\"valueName\":\"search_term_string\"}}],\"inLanguage\":\"en-GB\"}]}<\/script>\n<!-- \/ Yoast SEO plugin. -->","yoast_head_json":{"title":"Nasz blog &#8212; Annamar Gift","robots":{"index":"index","follow":"follow","max-snippet":"max-snippet:-1","max-image-preview":"max-image-preview:large","max-video-preview":"max-video-preview:-1"},"canonical":"https:\/\/annamar-gift.com\/en\/nasz-blog\/","next":"https:\/\/annamar-gift.com\/nasz-blog\/255?query-35-page=2","og_locale":"en_GB","og_type":"article","og_title":"Nasz blog &#8212; Annamar Gift","og_url":"https:\/\/annamar-gift.com\/en\/nasz-blog\/","og_site_name":"Annamar Gift","article_modified_time":"2024-10-06T10:03:32+00:00","twitter_card":"summary_large_image","schema":{"@context":"https:\/\/schema.org","@graph":[{"@type":"WebPage","@id":"https:\/\/annamar-gift.com\/nasz-blog\/","url":"https:\/\/annamar-gift.com\/nasz-blog\/","name":"Nasz blog &#8212; Annamar Gift","isPartOf":{"@id":"https:\/\/annamar-gift.com\/#website"},"datePublished":"2024-04-14T12:47:40+00:00","dateModified":"2024-10-06T10:03:32+00:00","breadcrumb":{"@id":"https:\/\/annamar-gift.com\/nasz-blog\/#breadcrumb"},"inLanguage":"en-GB","potentialAction":[{"@type":"ReadAction","target":["https:\/\/annamar-gift.com\/nasz-blog\/"]}]},{"@type":"BreadcrumbList","@id":"https:\/\/annamar-gift.com\/nasz-blog\/#breadcrumb","itemListElement":[{"@type":"ListItem","position":1,"name":"Home","item":"https:\/\/annamar-gift.com\/"},{"@type":"ListItem","position":2,"name":"Nasz blog"}]},{"@type":"WebSite","@id":"https:\/\/annamar-gift.com\/#website","url":"https:\/\/annamar-gift.com\/","name":"Annamar Gift","description":"","potentialAction":[{"@type":"SearchAction","target":{"@type":"EntryPoint","urlTemplate":"https:\/\/annamar-gift.com\/?s={search_term_string}"},"query-input":{"@type":"PropertyValueSpecification","valueRequired":true,"valueName":"search_term_string"}}],"inLanguage":"en-GB"}]}},"_links":{"self":[{"href":"https:\/\/annamar-gift.com\/en\/wp-json\/wp\/v2\/pages\/255","targetHints":{"allow":["GET"]}}],"collection":[{"href":"https:\/\/annamar-gift.com\/en\/wp-json\/wp\/v2\/pages"}],"about":[{"href":"https:\/\/annamar-gift.com\/en\/wp-json\/wp\/v2\/types\/page"}],"author":[{"embeddable":true,"href":"https:\/\/annamar-gift.com\/en\/wp-json\/wp\/v2\/users\/1"}],"replies":[{"embeddable":true,"href":"https:\/\/annamar-gift.com\/en\/wp-json\/wp\/v2\/comments?post=255"}],"version-history":[{"count":9,"href":"https:\/\/annamar-gift.com\/en\/wp-json\/wp\/v2\/pages\/255\/revisions"}],"predecessor-version":[{"id":1601,"href":"https:\/\/annamar-gift.com\/en\/wp-json\/wp\/v2\/pages\/255\/revisions\/1601"}],"wp:attachment":[{"href":"https:\/\/annamar-gift.com\/en\/wp-json\/wp\/v2\/media?parent=255"}],"curies":[{"name":"wp","href":"https:\/\/api.w.org\/{rel}","templated":true}]}}