{"id":1018,"date":"2025-02-19T13:36:23","date_gmt":"2025-02-19T11:36:23","guid":{"rendered":"https:\/\/annamar-gift.com\/?post_type=product&#038;p=1018"},"modified":"2026-03-27T11:58:00","modified_gmt":"2026-03-27T09:58:00","slug":"portret-wypalany-w-drewnie-40x50","status":"publish","type":"product","link":"https:\/\/annamar-gift.com\/en\/product\/portret-wypalany-w-drewnie-40x50\/","title":{"rendered":"Portret wypalany w drewnie 40&#215;50"},"content":{"rendered":"<p><strong>Prezent, kt\u00f3ry zachowuje wspomnienia na d\u0142ugie lata!<\/strong><\/p>\n<p>Tworzony indywidualnie na podstawie Twojego zdj\u0119cia, z uwzgl\u0119dnieniem wszystkich \u017cycze\u0144. To idealny prezent na ka\u017cd\u0105 okazj\u0119: \u015blub, rocznic\u0119, urodziny lub po prostu, aby sprawi\u0107 rado\u015b\u0107 bliskim.<\/p>\n<p>&#8211; Portret jest wypalany na sklejce brzozowej pierwszej klasy.<\/p>\n<p>&#8211; Portret po wypalaniu pokrywany czterema warstwami lakieru, co chroni go przed blakni\u0119ciem i wilgoci\u0105.<\/p>\n<p>&#8211; Zam\u00f3wienie realizowane jest w ci\u0105gu 1-7 dni roboczych, w okresie \u015bwi\u0105tecznym czas realizacji mo\u017ce by\u0107 wyd\u0142u\u017cony.<\/p>\n<p>Uwaga! Je\u015bli masz \u017cyczenia dotycz\u0105ce jakichkolwiek zmian na zdj\u0119ciu, napisz je podczas sk\u0142adania zam\u00f3wienia. Na p\u00f3\u017aniejszych etapach realizacji nie wszystkie poprawki mog\u0105 by\u0107 mo\u017cliwe.<\/p>\n<p>Je\u015bli masz pytania, mo\u017cesz skontaktowa\u0107 si\u0119 z nami lub sprawdzi\u0107 sekcj\u0119 \u201eCz\u0119sto zadawane pytania\u201d.<\/p>","protected":false},"excerpt":{"rendered":"<p>Prezent, kt\u00f3ry zachowuje wspomnienia na d\u0142ugie lata! Tworzony indywidualnie na podstawie Twojego zdj\u0119cia, z uwzgl\u0119dnieniem wszystkich \u017cycze\u0144. To idealny prezent na ka\u017cd\u0105 okazj\u0119: \u015blub, rocznic\u0119, urodziny lub po prostu, aby sprawi\u0107 rado\u015b\u0107 bliskim. &#8211; Portret jest wypalany na sklejce brzozowej pierwszej klasy. &#8211; Portret po wypalaniu pokrywany czterema warstwami lakieru, co chroni go przed blakni\u0119ciem [&hellip;]<\/p>","protected":false},"featured_media":1020,"comment_status":"open","ping_status":"closed","template":"","meta":{"_uf_show_specific_survey":0,"_uf_disable_surveys":false},"product_cat":[36],"product_tag":[],"class_list":{"0":"post-1018","1":"product","2":"type-product","3":"status-publish","4":"has-post-thumbnail","6":"product_cat-portrety-wypalany-w-drewnie","8":"first","9":"instock","10":"shipping-taxable","11":"purchasable","12":"product-type-variable","13":"has-default-attributes"},"yoast_head":"<!-- This site is optimized with the Yoast SEO plugin v26.6 - https:\/\/yoast.com\/wordpress\/plugins\/seo\/ -->\n<title>Portret wypalany w drewnie 40x50 &#8212; Annamar Gift<\/title>\n<meta name=\"robots\" content=\"index, follow, max-snippet:-1, max-image-preview:large, max-video-preview:-1\" \/>\n<link rel=\"canonical\" href=\"https:\/\/annamar-gift.com\/en\/product\/portret-wypalany-w-drewnie-40x50\/\" \/>\n<meta property=\"og:locale\" content=\"en_GB\" \/>\n<meta property=\"og:type\" content=\"article\" \/>\n<meta property=\"og:title\" content=\"Portret wypalany w drewnie 40x50 &#8212; Annamar Gift\" \/>\n<meta property=\"og:description\" content=\"Prezent, kt\u00f3ry zachowuje wspomnienia na d\u0142ugie lata! Tworzony indywidualnie na podstawie Twojego zdj\u0119cia, z uwzgl\u0119dnieniem wszystkich \u017cycze\u0144. To idealny prezent na ka\u017cd\u0105 okazj\u0119: \u015blub, rocznic\u0119, urodziny lub po prostu, aby sprawi\u0107 rado\u015b\u0107 bliskim. &#8211; Portret jest wypalany na sklejce brzozowej pierwszej klasy. &#8211; Portret po wypalaniu pokrywany czterema warstwami lakieru, co chroni go przed blakni\u0119ciem [&hellip;]\" \/>\n<meta property=\"og:url\" content=\"https:\/\/annamar-gift.com\/en\/product\/portret-wypalany-w-drewnie-40x50\/\" \/>\n<meta property=\"og:site_name\" content=\"Annamar Gift\" \/>\n<meta property=\"article:modified_time\" content=\"2026-03-27T09:58:00+00:00\" \/>\n<meta property=\"og:image\" content=\"https:\/\/annamar-gift.com\/wp-content\/uploads\/2025\/02\/Twoje-zdjecie.zip-19-1024x1024.png\" \/>\n\t<meta property=\"og:image:width\" content=\"1024\" \/>\n\t<meta property=\"og:image:height\" content=\"1024\" \/>\n\t<meta property=\"og:image:type\" content=\"image\/png\" \/>\n<meta name=\"twitter:card\" content=\"summary_large_image\" \/>\n<meta name=\"twitter:label1\" content=\"Estimated reading time\" \/>\n\t<meta name=\"twitter:data1\" content=\"1 minute\" \/>\n<script type=\"application\/ld+json\" class=\"yoast-schema-graph\">{\"@context\":\"https:\/\/schema.org\",\"@graph\":[{\"@type\":\"WebPage\",\"@id\":\"https:\/\/annamar-gift.com\/product\/portret-wypalany-w-drewnie-40x50\/\",\"url\":\"https:\/\/annamar-gift.com\/product\/portret-wypalany-w-drewnie-40x50\/\",\"name\":\"Portret wypalany w drewnie 40x50 &#8212; Annamar Gift\",\"isPartOf\":{\"@id\":\"https:\/\/annamar-gift.com\/#website\"},\"primaryImageOfPage\":{\"@id\":\"https:\/\/annamar-gift.com\/product\/portret-wypalany-w-drewnie-40x50\/#primaryimage\"},\"image\":{\"@id\":\"https:\/\/annamar-gift.com\/product\/portret-wypalany-w-drewnie-40x50\/#primaryimage\"},\"thumbnailUrl\":\"https:\/\/annamar-gift.com\/wp-content\/uploads\/2025\/02\/Twoje-zdjecie.zip-19.png\",\"datePublished\":\"2025-02-19T11:36:23+00:00\",\"dateModified\":\"2026-03-27T09:58:00+00:00\",\"breadcrumb\":{\"@id\":\"https:\/\/annamar-gift.com\/product\/portret-wypalany-w-drewnie-40x50\/#breadcrumb\"},\"inLanguage\":\"en-GB\",\"potentialAction\":[{\"@type\":\"ReadAction\",\"target\":[\"https:\/\/annamar-gift.com\/product\/portret-wypalany-w-drewnie-40x50\/\"]}]},{\"@type\":\"ImageObject\",\"inLanguage\":\"en-GB\",\"@id\":\"https:\/\/annamar-gift.com\/product\/portret-wypalany-w-drewnie-40x50\/#primaryimage\",\"url\":\"https:\/\/annamar-gift.com\/wp-content\/uploads\/2025\/02\/Twoje-zdjecie.zip-19.png\",\"contentUrl\":\"https:\/\/annamar-gift.com\/wp-content\/uploads\/2025\/02\/Twoje-zdjecie.zip-19.png\",\"width\":1080,\"height\":1080},{\"@type\":\"BreadcrumbList\",\"@id\":\"https:\/\/annamar-gift.com\/product\/portret-wypalany-w-drewnie-40x50\/#breadcrumb\",\"itemListElement\":[{\"@type\":\"ListItem\",\"position\":1,\"name\":\"Home\",\"item\":\"https:\/\/annamar-gift.com\/\"},{\"@type\":\"ListItem\",\"position\":2,\"name\":\"Sklep\",\"item\":\"https:\/\/annamar-gift.com\/shop\/\"},{\"@type\":\"ListItem\",\"position\":3,\"name\":\"Portret wypalany w drewnie 40&#215;50\"}]},{\"@type\":\"WebSite\",\"@id\":\"https:\/\/annamar-gift.com\/#website\",\"url\":\"https:\/\/annamar-gift.com\/\",\"name\":\"Annamar Gift\",\"description\":\"\",\"potentialAction\":[{\"@type\":\"SearchAction\",\"target\":{\"@type\":\"EntryPoint\",\"urlTemplate\":\"https:\/\/annamar-gift.com\/?s={search_term_string}\"},\"query-input\":{\"@type\":\"PropertyValueSpecification\",\"valueRequired\":true,\"valueName\":\"search_term_string\"}}],\"inLanguage\":\"en-GB\"}]}<\/script>\n<!-- \/ Yoast SEO plugin. -->","yoast_head_json":{"title":"Portret wypalany w drewnie 40x50 &#8212; Annamar Gift","robots":{"index":"index","follow":"follow","max-snippet":"max-snippet:-1","max-image-preview":"max-image-preview:large","max-video-preview":"max-video-preview:-1"},"canonical":"https:\/\/annamar-gift.com\/en\/product\/portret-wypalany-w-drewnie-40x50\/","og_locale":"en_GB","og_type":"article","og_title":"Portret wypalany w drewnie 40x50 &#8212; Annamar Gift","og_description":"Prezent, kt\u00f3ry zachowuje wspomnienia na d\u0142ugie lata! Tworzony indywidualnie na podstawie Twojego zdj\u0119cia, z uwzgl\u0119dnieniem wszystkich \u017cycze\u0144. To idealny prezent na ka\u017cd\u0105 okazj\u0119: \u015blub, rocznic\u0119, urodziny lub po prostu, aby sprawi\u0107 rado\u015b\u0107 bliskim. &#8211; Portret jest wypalany na sklejce brzozowej pierwszej klasy. &#8211; Portret po wypalaniu pokrywany czterema warstwami lakieru, co chroni go przed blakni\u0119ciem [&hellip;]","og_url":"https:\/\/annamar-gift.com\/en\/product\/portret-wypalany-w-drewnie-40x50\/","og_site_name":"Annamar Gift","article_modified_time":"2026-03-27T09:58:00+00:00","og_image":[{"width":1024,"height":1024,"url":"https:\/\/annamar-gift.com\/wp-content\/uploads\/2025\/02\/Twoje-zdjecie.zip-19-1024x1024.png","type":"image\/png"}],"twitter_card":"summary_large_image","twitter_misc":{"Estimated reading time":"1 minute"},"schema":{"@context":"https:\/\/schema.org","@graph":[{"@type":"WebPage","@id":"https:\/\/annamar-gift.com\/product\/portret-wypalany-w-drewnie-40x50\/","url":"https:\/\/annamar-gift.com\/product\/portret-wypalany-w-drewnie-40x50\/","name":"Portret wypalany w drewnie 40x50 &#8212; Annamar Gift","isPartOf":{"@id":"https:\/\/annamar-gift.com\/#website"},"primaryImageOfPage":{"@id":"https:\/\/annamar-gift.com\/product\/portret-wypalany-w-drewnie-40x50\/#primaryimage"},"image":{"@id":"https:\/\/annamar-gift.com\/product\/portret-wypalany-w-drewnie-40x50\/#primaryimage"},"thumbnailUrl":"https:\/\/annamar-gift.com\/wp-content\/uploads\/2025\/02\/Twoje-zdjecie.zip-19.png","datePublished":"2025-02-19T11:36:23+00:00","dateModified":"2026-03-27T09:58:00+00:00","breadcrumb":{"@id":"https:\/\/annamar-gift.com\/product\/portret-wypalany-w-drewnie-40x50\/#breadcrumb"},"inLanguage":"en-GB","potentialAction":[{"@type":"ReadAction","target":["https:\/\/annamar-gift.com\/product\/portret-wypalany-w-drewnie-40x50\/"]}]},{"@type":"ImageObject","inLanguage":"en-GB","@id":"https:\/\/annamar-gift.com\/product\/portret-wypalany-w-drewnie-40x50\/#primaryimage","url":"https:\/\/annamar-gift.com\/wp-content\/uploads\/2025\/02\/Twoje-zdjecie.zip-19.png","contentUrl":"https:\/\/annamar-gift.com\/wp-content\/uploads\/2025\/02\/Twoje-zdjecie.zip-19.png","width":1080,"height":1080},{"@type":"BreadcrumbList","@id":"https:\/\/annamar-gift.com\/product\/portret-wypalany-w-drewnie-40x50\/#breadcrumb","itemListElement":[{"@type":"ListItem","position":1,"name":"Home","item":"https:\/\/annamar-gift.com\/"},{"@type":"ListItem","position":2,"name":"Sklep","item":"https:\/\/annamar-gift.com\/shop\/"},{"@type":"ListItem","position":3,"name":"Portret wypalany w drewnie 40&#215;50"}]},{"@type":"WebSite","@id":"https:\/\/annamar-gift.com\/#website","url":"https:\/\/annamar-gift.com\/","name":"Annamar Gift","description":"","potentialAction":[{"@type":"SearchAction","target":{"@type":"EntryPoint","urlTemplate":"https:\/\/annamar-gift.com\/?s={search_term_string}"},"query-input":{"@type":"PropertyValueSpecification","valueRequired":true,"valueName":"search_term_string"}}],"inLanguage":"en-GB"}]}},"_links":{"self":[{"href":"https:\/\/annamar-gift.com\/en\/wp-json\/wp\/v2\/product\/1018","targetHints":{"allow":["GET"]}}],"collection":[{"href":"https:\/\/annamar-gift.com\/en\/wp-json\/wp\/v2\/product"}],"about":[{"href":"https:\/\/annamar-gift.com\/en\/wp-json\/wp\/v2\/types\/product"}],"replies":[{"embeddable":true,"href":"https:\/\/annamar-gift.com\/en\/wp-json\/wp\/v2\/comments?post=1018"}],"wp:featuredmedia":[{"embeddable":true,"href":"https:\/\/annamar-gift.com\/en\/wp-json\/wp\/v2\/media\/1020"}],"wp:attachment":[{"href":"https:\/\/annamar-gift.com\/en\/wp-json\/wp\/v2\/media?parent=1018"}],"wp:term":[{"taxonomy":"product_cat","embeddable":true,"href":"https:\/\/annamar-gift.com\/en\/wp-json\/wp\/v2\/product_cat?post=1018"},{"taxonomy":"product_tag","embeddable":true,"href":"https:\/\/annamar-gift.com\/en\/wp-json\/wp\/v2\/product_tag?post=1018"}],"curies":[{"name":"wp","href":"https:\/\/api.w.org\/{rel}","templated":true}]}}